{"id":6753,"date":"2025-10-22T15:23:29","date_gmt":"2025-10-22T15:23:29","guid":{"rendered":"https:\/\/mda.brandncraft.com\/contactez-nous\/"},"modified":"2026-01-21T19:17:52","modified_gmt":"2026-01-21T19:17:52","slug":"nous-contacter","status":"publish","type":"page","link":"https:\/\/mda.brandncraft.com\/fr\/nous-contacter\/","title":{"rendered":"Contactez Nous"},"content":{"rendered":"\t\t<div data-elementor-type=\"wp-page\" data-elementor-id=\"6753\" class=\"elementor elementor-6753 elementor-71\" data-elementor-post-type=\"page\">\n\t\t\t\t<div class=\"elementor-element elementor-element-40ecc43 e-flex e-con-boxed e-con e-parent\" data-id=\"40ecc43\" data-element_type=\"container\" data-e-type=\"container\" data-settings=\"{&quot;background_background&quot;:&quot;gradient&quot;}\">\n\t\t\t\t\t<div class=\"e-con-inner\">\n\t\t<div class=\"elementor-element elementor-element-4ab4fcf e-con-full e-flex e-con e-child\" data-id=\"4ab4fcf\" data-element_type=\"container\" data-e-type=\"container\">\n\t\t\t\t<div class=\"elementor-element elementor-element-9c13e72 elementor-widget elementor-widget-heading\" data-id=\"9c13e72\" data-element_type=\"widget\" data-e-type=\"widget\" data-widget_type=\"heading.default\">\n\t\t\t\t\t<h1 class=\"elementor-heading-title elementor-size-default\">Vous avez une question sur notre entreprise, nos services, vous souhaitez rejoindre le panel ou avez besoin d\u2019aide pour un sondage. <span style=\"color: #D55D00\">Contactez-nous.<\/span><\/h1>\t\t\t\t<\/div>\n\t\t\t\t<div class=\"elementor-element elementor-element-351a33c elementor-widget__width-initial elementor-widget elementor-widget-text-editor\" data-id=\"351a33c\" data-element_type=\"widget\" data-e-type=\"widget\" data-widget_type=\"text-editor.default\">\n\t\t\t\t\t\t\t\t\t<p>Veuillez remplir le formulaire ci-dessous et l\u2019un des membres de notre \u00e9quipe vous r\u00e9pondra dans un d\u00e9lai d\u2019un jour ouvrable.<\/p>\t\t\t\t\t\t\t\t<\/div>\n\t\t\t\t<\/div>\n\t\t\t\t\t<\/div>\n\t\t\t\t<\/div>\n\t\t<div class=\"elementor-element elementor-element-c9d7239 e-transform e-flex e-con-boxed e-con e-parent\" data-id=\"c9d7239\" data-element_type=\"container\" data-e-type=\"container\" data-settings=\"{&quot;background_background&quot;:&quot;classic&quot;,&quot;_transform_rotateZ_effect&quot;:{&quot;unit&quot;:&quot;px&quot;,&quot;size&quot;:180,&quot;sizes&quot;:[]},&quot;_transform_rotate_3d&quot;:&quot;yes&quot;,&quot;_transform_rotateX_effect&quot;:{&quot;unit&quot;:&quot;px&quot;,&quot;size&quot;:0,&quot;sizes&quot;:[]},&quot;_transform_rotateY_effect&quot;:{&quot;unit&quot;:&quot;px&quot;,&quot;size&quot;:180,&quot;sizes&quot;:[]},&quot;_transform_rotateZ_effect_tablet&quot;:{&quot;unit&quot;:&quot;deg&quot;,&quot;size&quot;:&quot;&quot;,&quot;sizes&quot;:[]},&quot;_transform_rotateZ_effect_mobile&quot;:{&quot;unit&quot;:&quot;deg&quot;,&quot;size&quot;:&quot;&quot;,&quot;sizes&quot;:[]},&quot;_transform_rotateX_effect_tablet&quot;:{&quot;unit&quot;:&quot;deg&quot;,&quot;size&quot;:&quot;&quot;,&quot;sizes&quot;:[]},&quot;_transform_rotateX_effect_mobile&quot;:{&quot;unit&quot;:&quot;deg&quot;,&quot;size&quot;:&quot;&quot;,&quot;sizes&quot;:[]},&quot;_transform_rotateY_effect_tablet&quot;:{&quot;unit&quot;:&quot;deg&quot;,&quot;size&quot;:&quot;&quot;,&quot;sizes&quot;:[]},&quot;_transform_rotateY_effect_mobile&quot;:{&quot;unit&quot;:&quot;deg&quot;,&quot;size&quot;:&quot;&quot;,&quot;sizes&quot;:[]},&quot;_transform_perspective_effect&quot;:{&quot;unit&quot;:&quot;px&quot;,&quot;size&quot;:&quot;&quot;,&quot;sizes&quot;:[]},&quot;_transform_perspective_effect_tablet&quot;:{&quot;unit&quot;:&quot;px&quot;,&quot;size&quot;:&quot;&quot;,&quot;sizes&quot;:[]},&quot;_transform_perspective_effect_mobile&quot;:{&quot;unit&quot;:&quot;px&quot;,&quot;size&quot;:&quot;&quot;,&quot;sizes&quot;:[]}}\">\n\t\t\t\t\t<div class=\"e-con-inner\">\n\t\t\t\t\t<\/div>\n\t\t\t\t<\/div>\n\t\t<div class=\"elementor-element elementor-element-9c1ab34 e-flex e-con-boxed e-con e-parent\" data-id=\"9c1ab34\" data-element_type=\"container\" data-e-type=\"container\" data-settings=\"{&quot;background_background&quot;:&quot;classic&quot;}\">\n\t\t\t\t\t<div class=\"e-con-inner\">\n\t\t<div class=\"elementor-element elementor-element-2486229 e-con-full e-flex e-con e-child\" data-id=\"2486229\" data-element_type=\"container\" data-e-type=\"container\" data-settings=\"{&quot;background_background&quot;:&quot;classic&quot;}\">\n\t\t\t\t<div class=\"elementor-element elementor-element-ebadbb8 elementor-widget elementor-widget-image\" data-id=\"ebadbb8\" data-element_type=\"widget\" data-e-type=\"widget\" data-widget_type=\"image.default\">\n\t\t\t\t\t\t\t\t\t\t\t\t\t\t\t\t<a href=\"\/\">\n\t\t\t\t\t\t\t<img decoding=\"async\" width=\"100\" height=\"100\" src=\"https:\/\/mda.brandncraft.com\/wp-content\/uploads\/2025\/10\/tinywow_md-analytics-logo_85578196-1.webp\" class=\"attachment-large size-large wp-image-6717\" alt=\"Logo\" \/>\t\t\t\t\t\t\t\t<\/a>\n\t\t\t\t\t\t\t\t\t\t\t\t\t\t\t<\/div>\n\t\t<div class=\"elementor-element elementor-element-6a274b7 e-con-full e-flex e-con e-child\" data-id=\"6a274b7\" data-element_type=\"container\" data-e-type=\"container\">\n\t\t\t\t<div class=\"elementor-element elementor-element-55a2493 contact-sidebar-text elementor-widget elementor-widget-text-editor\" data-id=\"55a2493\" data-element_type=\"widget\" data-e-type=\"widget\" data-widget_type=\"text-editor.default\">\n\t\t\t\t\t\t\t\t\t<p>Canada: <a class=\"contact-sidebar-anchor\" href=\"tel:+16046331927\">1-604-633-1927<\/a><\/p>\t\t\t\t\t\t\t\t<\/div>\n\t\t\t\t<div class=\"elementor-element elementor-element-982a006 contact-sidebar-text elementor-widget elementor-widget-text-editor\" data-id=\"982a006\" data-element_type=\"widget\" data-e-type=\"widget\" data-widget_type=\"text-editor.default\">\n\t\t\t\t\t\t\t\t\t<p>\u00c9tats-Unis: <a class=\"contact-sidebar-anchor\" href=\"tel:+13602101601\">1-360-210-1601<\/a><\/p>\t\t\t\t\t\t\t\t<\/div>\n\t\t\t\t<\/div>\n\t\t\t\t<\/div>\n\t\t<div class=\"elementor-element elementor-element-c6ff13a e-con-full e-flex e-con e-child\" data-id=\"c6ff13a\" data-element_type=\"container\" data-e-type=\"container\" data-settings=\"{&quot;background_background&quot;:&quot;classic&quot;}\">\n\t\t\t\t<div class=\"elementor-element elementor-element-2b41f2b elementor-button-align-center elementor-mobile-button-align-stretch contact-us-form elementor-widget elementor-widget-form\" data-id=\"2b41f2b\" data-element_type=\"widget\" data-e-type=\"widget\" data-settings=\"{&quot;step_next_label&quot;:&quot;Suivante&quot;,&quot;step_previous_label&quot;:&quot;Previous&quot;,&quot;button_width&quot;:&quot;100&quot;,&quot;step_type&quot;:&quot;number_text&quot;,&quot;step_icon_shape&quot;:&quot;circle&quot;}\" data-widget_type=\"form.default\">\n\t\t\t\t\t\t\t<form class=\"elementor-form\" method=\"post\" name=\"Nouveau formulaire\" aria-label=\"Nouveau formulaire\">\n\t\t\t<input type=\"hidden\" name=\"post_id\" value=\"6753\"\/>\n\t\t\t<input type=\"hidden\" name=\"form_id\" value=\"2b41f2b\"\/>\n\t\t\t<input type=\"hidden\" name=\"referer_title\" value=\"Coordonn\u00e9es de MD Analytics | Contactez-nous | MD Analytics ULC\" \/>\n\n\t\t\t\t\t\t\t<input type=\"hidden\" name=\"queried_id\" value=\"6753\"\/>\n\t\t\t\n\t\t\t<div class=\"elementor-form-fields-wrapper elementor-labels-\">\n\t\t\t\t\t\t\t\t<div class=\"elementor-field-type-text elementor-field-group elementor-column elementor-field-group-name elementor-col-50 elementor-field-required\">\n\t\t\t\t\t\t\t\t\t\t\t\t<label for=\"form-field-name\" class=\"elementor-field-label elementor-screen-only\">\n\t\t\t\t\t\t\t\tPr\u00e9nom\t\t\t\t\t\t\t<\/label>\n\t\t\t\t\t\t\t\t\t\t\t\t\t\t<input size=\"1\" type=\"text\" name=\"form_fields[name]\" id=\"form-field-name\" class=\"elementor-field elementor-size-sm  elementor-field-textual\" placeholder=\"Pr\u00e9nom\" required=\"required\">\n\t\t\t\t\t\t\t\t\t\t\t<\/div>\n\t\t\t\t\t\t\t\t<div class=\"elementor-field-type-text elementor-field-group elementor-column elementor-field-group-field_265e45a elementor-col-50 elementor-field-required\">\n\t\t\t\t\t\t\t\t\t\t\t\t<label for=\"form-field-field_265e45a\" class=\"elementor-field-label elementor-screen-only\">\n\t\t\t\t\t\t\t\tNom de famille\t\t\t\t\t\t\t<\/label>\n\t\t\t\t\t\t\t\t\t\t\t\t\t\t<input size=\"1\" type=\"text\" name=\"form_fields[field_265e45a]\" id=\"form-field-field_265e45a\" class=\"elementor-field elementor-size-sm  elementor-field-textual\" placeholder=\"Nom de famille\" required=\"required\">\n\t\t\t\t\t\t\t\t\t\t\t<\/div>\n\t\t\t\t\t\t\t\t<div class=\"elementor-field-type-text elementor-field-group elementor-column elementor-field-group-email elementor-col-100\">\n\t\t\t\t\t\t\t\t\t\t\t\t<label for=\"form-field-email\" class=\"elementor-field-label elementor-screen-only\">\n\t\t\t\t\t\t\t\tEntreprise\t\t\t\t\t\t\t<\/label>\n\t\t\t\t\t\t\t\t\t\t\t\t\t\t<input size=\"1\" type=\"text\" name=\"form_fields[email]\" id=\"form-field-email\" class=\"elementor-field elementor-size-sm  elementor-field-textual\" placeholder=\"Entreprise (facultatif)\">\n\t\t\t\t\t\t\t\t\t\t\t<\/div>\n\t\t\t\t\t\t\t\t<div class=\"elementor-field-type-email elementor-field-group elementor-column elementor-field-group-field_50dbefe elementor-col-100 elementor-field-required\">\n\t\t\t\t\t\t\t\t\t\t\t\t<label for=\"form-field-field_50dbefe\" class=\"elementor-field-label elementor-screen-only\">\n\t\t\t\t\t\t\t\tAdresse courriel\t\t\t\t\t\t\t<\/label>\n\t\t\t\t\t\t\t\t\t\t\t\t\t\t<input size=\"1\" type=\"email\" name=\"form_fields[field_50dbefe]\" id=\"form-field-field_50dbefe\" class=\"elementor-field elementor-size-sm  elementor-field-textual\" placeholder=\"Adresse courriel\" required=\"required\">\n\t\t\t\t\t\t\t\t\t\t\t<\/div>\n\t\t\t\t\t\t\t\t<div class=\"elementor-field-type-select elementor-field-group elementor-column elementor-field-group-field_3a4115e elementor-col-100 elementor-field-required\">\n\t\t\t\t\t\t\t\t\t\t\t\t<label for=\"form-field-field_3a4115e\" class=\"elementor-field-label elementor-screen-only\">\n\t\t\t\t\t\t\t\tType de contact\t\t\t\t\t\t\t<\/label>\n\t\t\t\t\t\t\t\t<div class=\"elementor-field elementor-select-wrapper remove-before \">\n\t\t\t<div class=\"select-caret-down-wrapper\">\n\t\t\t\t<svg aria-hidden=\"true\" class=\"e-font-icon-svg e-eicon-caret-down\" viewBox=\"0 0 571.4 571.4\" xmlns=\"http:\/\/www.w3.org\/2000\/svg\"><path d=\"M571 393Q571 407 561 418L311 668Q300 679 286 679T261 668L11 418Q0 407 0 393T11 368 36 357H536Q550 357 561 368T571 393Z\"><\/path><\/svg>\t\t\t<\/div>\n\t\t\t<select name=\"form_fields[field_3a4115e]\" id=\"form-field-field_3a4115e\" class=\"elementor-field-textual elementor-size-sm\" required=\"required\">\n\t\t\t\t\t\t\t\t\t<option value=\"(Veuillez faire un choix)\">(Veuillez faire un choix)<\/option>\n\t\t\t\t\t\t\t\t\t<option value=\"Possibilit\u00e9s de carri\u00e8re\">Possibilit\u00e9s de carri\u00e8re<\/option>\n\t\t\t\t\t\t\t\t\t<option value=\"\u00c9tat des paiements incitatifs\">\u00c9tat des paiements incitatifs<\/option>\n\t\t\t\t\t\t\t\t\t<option value=\"Communications destin\u00e9es aux m\u00e9dias\">Communications destin\u00e9es aux m\u00e9dias<\/option>\n\t\t\t\t\t\t\t\t\t<option value=\"Demande de renseignements commerciaux\">Demande de renseignements commerciaux<\/option>\n\t\t\t\t\t\t\t\t\t<option value=\"Rejoindre notre panel\">Rejoindre notre panel<\/option>\n\t\t\t\t\t\t\t\t\t<option value=\"Soutien technique pour un sondage\">Soutien technique pour un sondage<\/option>\n\t\t\t\t\t\t\t<\/select>\n\t\t<\/div>\n\t\t\t\t\t\t<\/div>\n\t\t\t\t\t\t\t\t<div class=\"elementor-field-type-textarea elementor-field-group elementor-column elementor-field-group-message elementor-col-100\">\n\t\t\t\t\t\t\t\t\t\t\t\t<label for=\"form-field-message\" class=\"elementor-field-label elementor-screen-only\">\n\t\t\t\t\t\t\t\tMessage\t\t\t\t\t\t\t<\/label>\n\t\t\t\t\t\t<textarea class=\"elementor-field-textual elementor-field  elementor-size-sm\" name=\"form_fields[message]\" id=\"form-field-message\" rows=\"3\" placeholder=\"Comment pouvons-nous vous aider?\"><\/textarea>\t\t\t\t<\/div>\n\t\t\t\t\t\t\t\t<div class=\"elementor-field-type-checkbox elementor-field-group elementor-column elementor-field-group-field_505e687 elementor-col-100\">\n\t\t\t\t\t\t\t\t\t\t\t\t<label for=\"form-field-field_505e687\" class=\"elementor-field-label elementor-screen-only\">\n\t\t\t\t\t\t\t\tCheck\t\t\t\t\t\t\t<\/label>\n\t\t\t\t\t\t<div class=\"elementor-field-subgroup  \"><span class=\"elementor-field-option\"><input type=\"checkbox\" value=\"Oui j&#039;aimerais recevoir des courriels contenant de l&#039;information sur nos derni\u00e8res donn\u00e9es et nouvelles sur la compagnie. Je comprends que je peux r\u00e9voquer ma souscription n&#039;importe quand \" id=\"form-field-field_505e687-0\" name=\"form_fields[field_505e687]\"> <label for=\"form-field-field_505e687-0\">Oui j'aimerais recevoir des courriels contenant de l'information sur nos derni\u00e8res donn\u00e9es et nouvelles sur la compagnie. Je comprends que je peux r\u00e9voquer ma souscription n'importe quand <\/label><\/span><\/div>\t\t\t\t<\/div>\n\t\t\t\t\t\t\t\t<div class=\"elementor-field-group elementor-column elementor-field-type-submit elementor-col-100 e-form__buttons\">\n\t\t\t\t\t<button class=\"elementor-button elementor-size-sm\" type=\"submit\">\n\t\t\t\t\t\t<span class=\"elementor-button-content-wrapper\">\n\t\t\t\t\t\t\t\t\t\t\t\t\t\t\t\t\t\t\t\t\t\t<span class=\"elementor-button-text\">Contactez-moi<\/span>\n\t\t\t\t\t\t\t\t\t\t\t\t\t<\/span>\n\t\t\t\t\t<\/button>\n\t\t\t\t<\/div>\n\t\t\t<\/div>\n\t\t<\/form>\n\t\t\t\t\t\t<\/div>\n\t\t\t\t<\/div>\n\t\t\t\t\t<\/div>\n\t\t\t\t<\/div>\n\t\t<div class=\"elementor-element elementor-element-2ac5beb e-flex e-con-boxed e-con e-parent\" data-id=\"2ac5beb\" data-element_type=\"container\" data-e-type=\"container\" data-settings=\"{&quot;background_background&quot;:&quot;classic&quot;}\">\n\t\t\t\t\t<div class=\"e-con-inner\">\n\t\t<div class=\"elementor-element elementor-element-34abe0d e-con-full e-flex e-con e-child\" data-id=\"34abe0d\" data-element_type=\"container\" data-e-type=\"container\">\n\t\t\t\t<div class=\"elementor-element elementor-element-746284d elementor-widget elementor-widget-image\" data-id=\"746284d\" data-element_type=\"widget\" data-e-type=\"widget\" data-settings=\"{&quot;motion_fx_motion_fx_scrolling&quot;:&quot;yes&quot;,&quot;motion_fx_rotateZ_effect&quot;:&quot;yes&quot;,&quot;motion_fx_rotateZ_speed&quot;:{&quot;unit&quot;:&quot;px&quot;,&quot;size&quot;:1.4,&quot;sizes&quot;:[]},&quot;motion_fx_rotateZ_affectedRange&quot;:{&quot;unit&quot;:&quot;%&quot;,&quot;size&quot;:&quot;&quot;,&quot;sizes&quot;:{&quot;start&quot;:7,&quot;end&quot;:50}},&quot;motion_fx_devices&quot;:[&quot;desktop&quot;,&quot;tablet&quot;,&quot;mobile&quot;]}\" data-widget_type=\"image.default\">\n\t\t\t\t\t\t\t\t\t\t\t\t\t\t\t<img fetchpriority=\"high\" decoding=\"async\" width=\"321\" height=\"321\" src=\"https:\/\/mda.brandncraft.com\/wp-content\/uploads\/2026\/01\/garantie-aucune-pierre-non-retournee-md-analytics.svg\" class=\"attachment-large size-large wp-image-6762\" alt=\"garantie-aucune-pierre-non-retourne\u0301e-md-analytics\" \/>\t\t\t\t\t\t\t\t\t\t\t\t\t\t\t<\/div>\n\t\t<div class=\"elementor-element elementor-element-e25c694 e-flex e-con-boxed e-con e-child\" data-id=\"e25c694\" data-element_type=\"container\" data-e-type=\"container\">\n\t\t\t\t\t<div class=\"e-con-inner\">\n\t\t\t\t<div class=\"elementor-element elementor-element-d96a7e9 elementor-widget elementor-widget-heading\" data-id=\"d96a7e9\" data-element_type=\"widget\" data-e-type=\"widget\" data-widget_type=\"heading.default\">\n\t\t\t\t\t<h2 class=\"elementor-heading-title elementor-size-default\">Vos r\u00e9ponses, notre garantieYour answers, our guarantee.<\/h2>\t\t\t\t<\/div>\n\t\t\t\t<div class=\"elementor-element elementor-element-ba072d0 elementor-widget elementor-widget-text-editor\" data-id=\"ba072d0\" data-element_type=\"widget\" data-e-type=\"widget\" data-widget_type=\"text-editor.default\">\n\t\t\t\t\t\t\t\t\t<p>Pr\u00eat \u00e0 d\u00e9couvrir comment les donn\u00e9es peuvent acc\u00e9l\u00e9rer vos recherches pharmaceutiques ? Contactez notre \u00e9quipe pour discuter de vos objectifs. <\/p>\t\t\t\t\t\t\t\t<\/div>\n\t\t\t\t\t<\/div>\n\t\t\t\t<\/div>\n\t\t\t\t<\/div>\n\t\t\t\t\t<\/div>\n\t\t\t\t<\/div>\n\t\t\t\t<\/div>\n\t\t","protected":false},"excerpt":{"rendered":"<p>Vous avez une question sur notre entreprise, nos services, vous souhaitez rejoindre le panel ou avez besoin d\u2019aide pour un sondage. Contactez-nous. Veuillez remplir le formulaire ci-dessous et l\u2019un des membres de notre \u00e9quipe vous r\u00e9pondra dans un d\u00e9lai d\u2019un jour ouvrable. Canada: 1-604-633-1927 \u00c9tats-Unis: 1-360-210-1601 Vos r\u00e9ponses, notre garantieYour answers, our guarantee. Pr\u00eat \u00e0 [&hellip;]<\/p>\n","protected":false},"author":2,"featured_media":0,"parent":0,"menu_order":0,"comment_status":"closed","ping_status":"closed","template":"elementor_header_footer","meta":{"_acf_changed":false,"footnotes":""},"class_list":["post-6753","page","type-page","status-publish","hentry"],"acf":[],"yoast_head":"<!-- This site is optimized with the Yoast SEO plugin v27.3 - https:\/\/yoast.com\/product\/yoast-seo-wordpress\/ -->\n<title>Coordonn\u00e9es de MD Analytics | Contactez-nous | MD Analytics ULC<\/title>\n<meta name=\"description\" content=\"Vous avez une question sur notre entreprise, nos services ou vous avez besoin de soutien pour un sondage? Contactez-nous! Cliquez ici pour obtenir les coordonn\u00e9es de MD Analytics et prenez contact avec nous d\u00e8s aujourd&#039;hui.\" \/>\n<meta name=\"robots\" content=\"index, follow, max-snippet:-1, max-image-preview:large, max-video-preview:-1\" \/>\n<link rel=\"canonical\" href=\"https:\/\/mda.brandncraft.com\/fr\/nous-contacter\/\" \/>\n<meta property=\"og:locale\" content=\"fr_FR\" \/>\n<meta property=\"og:type\" content=\"article\" \/>\n<meta property=\"og:title\" content=\"Coordonn\u00e9es de MD Analytics | Contactez-nous | MD Analytics ULC\" \/>\n<meta property=\"og:description\" content=\"Vous avez une question sur notre entreprise, nos services ou vous avez besoin de soutien pour un sondage? Contactez-nous! Cliquez ici pour obtenir les coordonn\u00e9es de MD Analytics et prenez contact avec nous d\u00e8s aujourd&#039;hui.\" \/>\n<meta property=\"og:url\" content=\"https:\/\/mda.brandncraft.com\/fr\/nous-contacter\/\" \/>\n<meta property=\"og:site_name\" content=\"MD Analytics\" \/>\n<meta property=\"article:modified_time\" content=\"2026-01-21T19:17:52+00:00\" \/>\n<meta property=\"og:image\" content=\"https:\/\/mda.brandncraft.com\/wp-content\/uploads\/2025\/10\/tinywow_md-analytics-logo_85578196-1.webp\" \/>\n<meta name=\"twitter:card\" content=\"summary_large_image\" \/>\n<meta name=\"twitter:label1\" content=\"Dur\u00e9e de lecture estim\u00e9e\" \/>\n\t<meta name=\"twitter:data1\" content=\"1 minute\" \/>\n<script type=\"application\/ld+json\" class=\"yoast-schema-graph\">{\"@context\":\"https:\\\/\\\/schema.org\",\"@graph\":[{\"@type\":\"WebPage\",\"@id\":\"https:\\\/\\\/mda.brandncraft.com\\\/fr\\\/nous-contacter\\\/\",\"url\":\"https:\\\/\\\/mda.brandncraft.com\\\/fr\\\/nous-contacter\\\/\",\"name\":\"Coordonn\u00e9es de MD Analytics | Contactez-nous | MD Analytics ULC\",\"isPartOf\":{\"@id\":\"https:\\\/\\\/mda.brandncraft.com\\\/fr\\\/#website\"},\"primaryImageOfPage\":{\"@id\":\"https:\\\/\\\/mda.brandncraft.com\\\/fr\\\/nous-contacter\\\/#primaryimage\"},\"image\":{\"@id\":\"https:\\\/\\\/mda.brandncraft.com\\\/fr\\\/nous-contacter\\\/#primaryimage\"},\"thumbnailUrl\":\"https:\\\/\\\/mda.brandncraft.com\\\/wp-content\\\/uploads\\\/2025\\\/10\\\/tinywow_md-analytics-logo_85578196-1.webp\",\"datePublished\":\"2025-10-22T15:23:29+00:00\",\"dateModified\":\"2026-01-21T19:17:52+00:00\",\"description\":\"Vous avez une question sur notre entreprise, nos services ou vous avez besoin de soutien pour un sondage? Contactez-nous! Cliquez ici pour obtenir les coordonn\u00e9es de MD Analytics et prenez contact avec nous d\u00e8s aujourd'hui.\",\"breadcrumb\":{\"@id\":\"https:\\\/\\\/mda.brandncraft.com\\\/fr\\\/nous-contacter\\\/#breadcrumb\"},\"inLanguage\":\"fr-FR\",\"potentialAction\":[{\"@type\":\"ReadAction\",\"target\":[\"https:\\\/\\\/mda.brandncraft.com\\\/fr\\\/nous-contacter\\\/\"]}]},{\"@type\":\"ImageObject\",\"inLanguage\":\"fr-FR\",\"@id\":\"https:\\\/\\\/mda.brandncraft.com\\\/fr\\\/nous-contacter\\\/#primaryimage\",\"url\":\"https:\\\/\\\/mda.brandncraft.com\\\/wp-content\\\/uploads\\\/2025\\\/10\\\/tinywow_md-analytics-logo_85578196-1.webp\",\"contentUrl\":\"https:\\\/\\\/mda.brandncraft.com\\\/wp-content\\\/uploads\\\/2025\\\/10\\\/tinywow_md-analytics-logo_85578196-1.webp\"},{\"@type\":\"BreadcrumbList\",\"@id\":\"https:\\\/\\\/mda.brandncraft.com\\\/fr\\\/nous-contacter\\\/#breadcrumb\",\"itemListElement\":[{\"@type\":\"ListItem\",\"position\":1,\"name\":\"Home\",\"item\":\"https:\\\/\\\/mda.brandncraft.com\\\/fr\\\/\"},{\"@type\":\"ListItem\",\"position\":2,\"name\":\"Contactez Nous\"}]},{\"@type\":\"WebSite\",\"@id\":\"https:\\\/\\\/mda.brandncraft.com\\\/fr\\\/#website\",\"url\":\"https:\\\/\\\/mda.brandncraft.com\\\/fr\\\/\",\"name\":\"MD Analytics\",\"description\":\"Health And Pharmaceutical Market Research | MD Analytics ULC\",\"publisher\":{\"@id\":\"https:\\\/\\\/mda.brandncraft.com\\\/fr\\\/#organization\"},\"potentialAction\":[{\"@type\":\"SearchAction\",\"target\":{\"@type\":\"EntryPoint\",\"urlTemplate\":\"https:\\\/\\\/mda.brandncraft.com\\\/fr\\\/?s={search_term_string}\"},\"query-input\":{\"@type\":\"PropertyValueSpecification\",\"valueRequired\":true,\"valueName\":\"search_term_string\"}}],\"inLanguage\":\"fr-FR\"},{\"@type\":\"Organization\",\"@id\":\"https:\\\/\\\/mda.brandncraft.com\\\/fr\\\/#organization\",\"name\":\"MD Analytics Inc.\",\"url\":\"https:\\\/\\\/mda.brandncraft.com\\\/fr\\\/\",\"logo\":{\"@type\":\"ImageObject\",\"inLanguage\":\"fr-FR\",\"@id\":\"https:\\\/\\\/mda.brandncraft.com\\\/fr\\\/#\\\/schema\\\/logo\\\/image\\\/\",\"url\":null,\"contentUrl\":null,\"width\":null,\"height\":null,\"caption\":\"MD Analytics Inc.\"},\"image\":{\"@id\":\"https:\\\/\\\/mda.brandncraft.com\\\/fr\\\/#\\\/schema\\\/logo\\\/image\\\/\"}}]}<\/script>\n<!-- \/ Yoast SEO plugin. -->","yoast_head_json":{"title":"Coordonn\u00e9es de MD Analytics | Contactez-nous | MD Analytics ULC","description":"Vous avez une question sur notre entreprise, nos services ou vous avez besoin de soutien pour un sondage? Contactez-nous! Cliquez ici pour obtenir les coordonn\u00e9es de MD Analytics et prenez contact avec nous d\u00e8s aujourd'hui.","robots":{"index":"index","follow":"follow","max-snippet":"max-snippet:-1","max-image-preview":"max-image-preview:large","max-video-preview":"max-video-preview:-1"},"canonical":"https:\/\/mda.brandncraft.com\/fr\/nous-contacter\/","og_locale":"fr_FR","og_type":"article","og_title":"Coordonn\u00e9es de MD Analytics | Contactez-nous | MD Analytics ULC","og_description":"Vous avez une question sur notre entreprise, nos services ou vous avez besoin de soutien pour un sondage? Contactez-nous! Cliquez ici pour obtenir les coordonn\u00e9es de MD Analytics et prenez contact avec nous d\u00e8s aujourd'hui.","og_url":"https:\/\/mda.brandncraft.com\/fr\/nous-contacter\/","og_site_name":"MD Analytics","article_modified_time":"2026-01-21T19:17:52+00:00","og_image":[{"url":"https:\/\/mda.brandncraft.com\/wp-content\/uploads\/2025\/10\/tinywow_md-analytics-logo_85578196-1.webp","type":"","width":"","height":""}],"twitter_card":"summary_large_image","twitter_misc":{"Dur\u00e9e de lecture estim\u00e9e":"1 minute"},"schema":{"@context":"https:\/\/schema.org","@graph":[{"@type":"WebPage","@id":"https:\/\/mda.brandncraft.com\/fr\/nous-contacter\/","url":"https:\/\/mda.brandncraft.com\/fr\/nous-contacter\/","name":"Coordonn\u00e9es de MD Analytics | Contactez-nous | MD Analytics ULC","isPartOf":{"@id":"https:\/\/mda.brandncraft.com\/fr\/#website"},"primaryImageOfPage":{"@id":"https:\/\/mda.brandncraft.com\/fr\/nous-contacter\/#primaryimage"},"image":{"@id":"https:\/\/mda.brandncraft.com\/fr\/nous-contacter\/#primaryimage"},"thumbnailUrl":"https:\/\/mda.brandncraft.com\/wp-content\/uploads\/2025\/10\/tinywow_md-analytics-logo_85578196-1.webp","datePublished":"2025-10-22T15:23:29+00:00","dateModified":"2026-01-21T19:17:52+00:00","description":"Vous avez une question sur notre entreprise, nos services ou vous avez besoin de soutien pour un sondage? Contactez-nous! Cliquez ici pour obtenir les coordonn\u00e9es de MD Analytics et prenez contact avec nous d\u00e8s aujourd'hui.","breadcrumb":{"@id":"https:\/\/mda.brandncraft.com\/fr\/nous-contacter\/#breadcrumb"},"inLanguage":"fr-FR","potentialAction":[{"@type":"ReadAction","target":["https:\/\/mda.brandncraft.com\/fr\/nous-contacter\/"]}]},{"@type":"ImageObject","inLanguage":"fr-FR","@id":"https:\/\/mda.brandncraft.com\/fr\/nous-contacter\/#primaryimage","url":"https:\/\/mda.brandncraft.com\/wp-content\/uploads\/2025\/10\/tinywow_md-analytics-logo_85578196-1.webp","contentUrl":"https:\/\/mda.brandncraft.com\/wp-content\/uploads\/2025\/10\/tinywow_md-analytics-logo_85578196-1.webp"},{"@type":"BreadcrumbList","@id":"https:\/\/mda.brandncraft.com\/fr\/nous-contacter\/#breadcrumb","itemListElement":[{"@type":"ListItem","position":1,"name":"Home","item":"https:\/\/mda.brandncraft.com\/fr\/"},{"@type":"ListItem","position":2,"name":"Contactez Nous"}]},{"@type":"WebSite","@id":"https:\/\/mda.brandncraft.com\/fr\/#website","url":"https:\/\/mda.brandncraft.com\/fr\/","name":"MD Analytics","description":"Health And Pharmaceutical Market Research | MD Analytics ULC","publisher":{"@id":"https:\/\/mda.brandncraft.com\/fr\/#organization"},"potentialAction":[{"@type":"SearchAction","target":{"@type":"EntryPoint","urlTemplate":"https:\/\/mda.brandncraft.com\/fr\/?s={search_term_string}"},"query-input":{"@type":"PropertyValueSpecification","valueRequired":true,"valueName":"search_term_string"}}],"inLanguage":"fr-FR"},{"@type":"Organization","@id":"https:\/\/mda.brandncraft.com\/fr\/#organization","name":"MD Analytics Inc.","url":"https:\/\/mda.brandncraft.com\/fr\/","logo":{"@type":"ImageObject","inLanguage":"fr-FR","@id":"https:\/\/mda.brandncraft.com\/fr\/#\/schema\/logo\/image\/","url":null,"contentUrl":null,"width":null,"height":null,"caption":"MD Analytics Inc."},"image":{"@id":"https:\/\/mda.brandncraft.com\/fr\/#\/schema\/logo\/image\/"}}]}},"_links":{"self":[{"href":"https:\/\/mda.brandncraft.com\/fr\/wp-json\/wp\/v2\/pages\/6753","targetHints":{"allow":["GET"]}}],"collection":[{"href":"https:\/\/mda.brandncraft.com\/fr\/wp-json\/wp\/v2\/pages"}],"about":[{"href":"https:\/\/mda.brandncraft.com\/fr\/wp-json\/wp\/v2\/types\/page"}],"author":[{"embeddable":true,"href":"https:\/\/mda.brandncraft.com\/fr\/wp-json\/wp\/v2\/users\/2"}],"replies":[{"embeddable":true,"href":"https:\/\/mda.brandncraft.com\/fr\/wp-json\/wp\/v2\/comments?post=6753"}],"version-history":[{"count":5,"href":"https:\/\/mda.brandncraft.com\/fr\/wp-json\/wp\/v2\/pages\/6753\/revisions"}],"predecessor-version":[{"id":6765,"href":"https:\/\/mda.brandncraft.com\/fr\/wp-json\/wp\/v2\/pages\/6753\/revisions\/6765"}],"wp:attachment":[{"href":"https:\/\/mda.brandncraft.com\/fr\/wp-json\/wp\/v2\/media?parent=6753"}],"curies":[{"name":"wp","href":"https:\/\/api.w.org\/{rel}","templated":true}]}}